{"id":2892,"date":"2022-08-19T14:10:33","date_gmt":"2022-08-19T12:10:33","guid":{"rendered":"https:\/\/conpalux.poush-dev.be\/legal-notice\/"},"modified":"2025-04-25T10:02:37","modified_gmt":"2025-04-25T08:02:37","slug":"rechtliche-informationen","status":"publish","type":"page","link":"https:\/\/www.conpalux.com\/de\/rechtliche-informationen\/","title":{"rendered":"Rechtliche Informationen"},"content":{"rendered":"<p>[et_pb_section fb_built=&#8220;1&#8243; _builder_version=&#8220;4.16&#8243; global_colors_info=&#8220;{}&#8220;][et_pb_row _builder_version=&#8220;4.16&#8243; background_size=&#8220;initial&#8220; background_position=&#8220;top_left&#8220; background_repeat=&#8220;repeat&#8220; global_colors_info=&#8220;{}&#8220;][et_pb_column type=&#8220;4_4&#8243; _builder_version=&#8220;4.16&#8243; custom_padding=&#8220;|||&#8220; global_colors_info=&#8220;{}&#8220; custom_padding__hover=&#8220;|||&#8220;][et_pb_text _builder_version=&#8220;4.27.4&#8243; background_size=&#8220;initial&#8220; background_position=&#8220;top_left&#8220; background_repeat=&#8220;repeat&#8220; global_colors_info=&#8220;{}&#8220;]<\/p>\n<h1>Rechtliche Informationen<\/h1>\n<p>&nbsp;<\/p>\n<h2>\u00dcber uns?<\/h2>\n<p>&nbsp;<\/p>\n<p><b>Le Saupont SC \u2013 Conpalux<\/b><\/p>\n<p>Kosmetikbranche<\/p>\n<p>&nbsp;<\/p>\n<p><b>Mission<\/b><\/p>\n<p>Unterst\u00fctzung bei der Entwicklung Ihrer Kosmetik<\/p>\n<p>&nbsp;<\/p>\n<p><b>Kontakt<\/b><\/p>\n<p>Le Saupont SC \u2013 Conpalux<\/p>\n<p>Rue de Lonnoux 2, 6880 Bertrix, Belgien<\/p>\n<p>&nbsp;<\/p>\n<p>061 41 18 16<\/p>\n<p>projet@saupont.be<\/p>\n<p>BE0407713665<\/p>\n<p>&nbsp;<\/p>\n<p>Le Saupont SC \u2013 Conpalux verpflichtet sich, die in Belgien und Europa geltenden Gesetze einzuhalten und ergreift alle notwendigen Ma\u00dfnahmen, um eine unbefugte oder rechtswidrige Nutzung Ihrer pers\u00f6nlichen Daten zu verhindern. Wir verwenden daher geeignete Verfahren und Systeme, um sicherzustellen, dass nur autorisierte Personen Zugang zu Ihren Daten haben. Zudem m\u00f6chten wir darauf hinweisen, dass diese Personen vertraglich zur Geheimhaltung verpflichtet sind.<\/p>\n<p>[\/et_pb_text][\/et_pb_column][\/et_pb_row][\/et_pb_section]<\/p>\n","protected":false},"excerpt":{"rendered":"<p>Rechtliche Informationen &nbsp; \u00dcber uns? &nbsp; Le Saupont SC \u2013 Conpalux Kosmetikbranche &nbsp; Mission Unterst\u00fctzung bei der Entwicklung Ihrer Kosmetik &nbsp; Kontakt Le Saupont SC \u2013 Conpalux Rue de Lonnoux 2, 6880 Bertrix, Belgien &nbsp; 061 41 18 16 projet@saupont.be BE0407713665 &nbsp; Le Saupont SC \u2013 Conpalux verpflichtet sich, die in Belgien und Europa geltenden Gesetze einzuhalten und ergreift alle notwendigen Ma\u00dfnahmen, um eine unbefugte oder rechtswidrige Nutzung Ihrer pers\u00f6nlichen Daten zu verhindern. Wir verwenden daher geeignete Verfahren und Systeme, um sicherzustellen, dass nur autorisierte Personen Zugang zu Ihren Daten haben. Zudem m\u00f6chten wir darauf hinweisen, dass diese Personen vertraglich zur Geheimhaltung verpflichtet sind.<\/p>\n","protected":false},"author":1,"featured_media":0,"parent":0,"menu_order":1000,"comment_status":"closed","ping_status":"closed","template":"","meta":{"_et_pb_use_builder":"on","_et_pb_old_content":"<h2>Qui sommes-nous ?<\/h2><p>Le Saupont SC \u2013 Conpalux<\/p><p>Activit\u00e9 cosm\u00e9tique<\/p><p><strong>Mission<\/strong><\/p><p>Accompagnement dans le d\u00e9veloppement de vos cosm\u00e9tiques<\/p><p>\u00a0<\/p><p><strong>Contact<\/strong><\/p><p>Le Saupont SC \u2013 Conpalux<\/p><p>Rue de Lonnoux 2, 6880 Bertrix Belgique<\/p><p>[NUMERO TEL]<\/p><p>[EMAIL]<\/p><p>[NUMERO D\u2019ENTREPRISE]<\/p><p>Le Saupont SC \u2013 Conpalux s\u2019engage \u00e0 respecter la l\u00e9gislation en vigueur en Belgique et en Europe et met tout en \u0153uvre afin d\u2019emp\u00eacher tout usage non autoris\u00e9 ou illicite de vos donn\u00e9es personnelles. \u00c0 cette fin, nous utilisons des proc\u00e9dures et des syst\u00e8mes appropri\u00e9s pour que seules les personnes qui y sont autoris\u00e9es puissent acc\u00e9der \u00e0 vos informations. En outre, nous vous rappelons que ces personnes sont tenues \u00e0 un devoir de confidentialit\u00e9 dans le cadre de leur fonction.<\/p>","_et_gb_content_width":"","footnotes":""},"class_list":["post-2892","page","type-page","status-publish","hentry"],"yoast_head":"<!-- This site is optimized with the Yoast SEO plugin v27.4 - https:\/\/yoast.com\/product\/yoast-seo-wordpress\/ -->\n<title>Rechtliche Informationen | Conpalux<\/title>\n<meta name=\"robots\" content=\"index, follow, max-snippet:-1, max-image-preview:large, max-video-preview:-1\" \/>\n<link rel=\"canonical\" href=\"https:\/\/www.conpalux.com\/de\/rechtliche-informationen\/\" \/>\n<meta property=\"og:locale\" content=\"de_DE\" \/>\n<meta property=\"og:type\" content=\"article\" \/>\n<meta property=\"og:title\" content=\"Rechtliche Informationen | Conpalux\" \/>\n<meta property=\"og:description\" content=\"Rechtliche Informationen &nbsp; \u00dcber uns? &nbsp; Le Saupont SC \u2013 Conpalux Kosmetikbranche &nbsp; Mission Unterst\u00fctzung bei der Entwicklung Ihrer Kosmetik &nbsp; Kontakt Le Saupont SC \u2013 Conpalux Rue de Lonnoux 2, 6880 Bertrix, Belgien &nbsp; 061 41 18 16 projet@saupont.be BE0407713665 &nbsp; Le Saupont SC \u2013 Conpalux verpflichtet sich, die in Belgien und Europa geltenden Gesetze einzuhalten und ergreift alle notwendigen Ma\u00dfnahmen, um eine unbefugte oder rechtswidrige Nutzung Ihrer pers\u00f6nlichen Daten zu verhindern. Wir verwenden daher geeignete Verfahren und Systeme, um sicherzustellen, dass nur autorisierte Personen Zugang zu Ihren Daten haben. Zudem m\u00f6chten wir darauf hinweisen, dass diese Personen vertraglich zur Geheimhaltung verpflichtet sind.\" \/>\n<meta property=\"og:url\" content=\"https:\/\/www.conpalux.com\/de\/rechtliche-informationen\/\" \/>\n<meta property=\"og:site_name\" content=\"Conpalux\" \/>\n<meta property=\"article:modified_time\" content=\"2025-04-25T08:02:37+00:00\" \/>\n<meta name=\"twitter:card\" content=\"summary_large_image\" \/>\n<meta name=\"twitter:label1\" content=\"Gesch\u00e4tzte Lesezeit\" \/>\n\t<meta name=\"twitter:data1\" content=\"1\u00a0Minute\" \/>\n<script type=\"application\/ld+json\" class=\"yoast-schema-graph\">{\"@context\":\"https:\\\/\\\/schema.org\",\"@graph\":[{\"@type\":\"WebPage\",\"@id\":\"https:\\\/\\\/www.conpalux.com\\\/de\\\/rechtliche-informationen\\\/\",\"url\":\"https:\\\/\\\/www.conpalux.com\\\/de\\\/rechtliche-informationen\\\/\",\"name\":\"Rechtliche Informationen | Conpalux\",\"isPartOf\":{\"@id\":\"https:\\\/\\\/www.conpalux.com\\\/de\\\/#website\"},\"datePublished\":\"2022-08-19T12:10:33+00:00\",\"dateModified\":\"2025-04-25T08:02:37+00:00\",\"breadcrumb\":{\"@id\":\"https:\\\/\\\/www.conpalux.com\\\/de\\\/rechtliche-informationen\\\/#breadcrumb\"},\"inLanguage\":\"de\",\"potentialAction\":[{\"@type\":\"ReadAction\",\"target\":[\"https:\\\/\\\/www.conpalux.com\\\/de\\\/rechtliche-informationen\\\/\"]}]},{\"@type\":\"BreadcrumbList\",\"@id\":\"https:\\\/\\\/www.conpalux.com\\\/de\\\/rechtliche-informationen\\\/#breadcrumb\",\"itemListElement\":[{\"@type\":\"ListItem\",\"position\":1,\"name\":\"Accueil\",\"item\":\"https:\\\/\\\/www.conpalux.com\\\/de\\\/\"},{\"@type\":\"ListItem\",\"position\":2,\"name\":\"Rechtliche Informationen\"}]},{\"@type\":\"WebSite\",\"@id\":\"https:\\\/\\\/www.conpalux.com\\\/de\\\/#website\",\"url\":\"https:\\\/\\\/www.conpalux.com\\\/de\\\/\",\"name\":\"Conpalux\",\"description\":\"\",\"potentialAction\":[{\"@type\":\"SearchAction\",\"target\":{\"@type\":\"EntryPoint\",\"urlTemplate\":\"https:\\\/\\\/www.conpalux.com\\\/de\\\/?s={search_term_string}\"},\"query-input\":{\"@type\":\"PropertyValueSpecification\",\"valueRequired\":true,\"valueName\":\"search_term_string\"}}],\"inLanguage\":\"de\"}]}<\/script>\n<!-- \/ Yoast SEO plugin. -->","yoast_head_json":{"title":"Rechtliche Informationen | Conpalux","robots":{"index":"index","follow":"follow","max-snippet":"max-snippet:-1","max-image-preview":"max-image-preview:large","max-video-preview":"max-video-preview:-1"},"canonical":"https:\/\/www.conpalux.com\/de\/rechtliche-informationen\/","og_locale":"de_DE","og_type":"article","og_title":"Rechtliche Informationen | Conpalux","og_description":"Rechtliche Informationen &nbsp; \u00dcber uns? &nbsp; Le Saupont SC \u2013 Conpalux Kosmetikbranche &nbsp; Mission Unterst\u00fctzung bei der Entwicklung Ihrer Kosmetik &nbsp; Kontakt Le Saupont SC \u2013 Conpalux Rue de Lonnoux 2, 6880 Bertrix, Belgien &nbsp; 061 41 18 16 projet@saupont.be BE0407713665 &nbsp; Le Saupont SC \u2013 Conpalux verpflichtet sich, die in Belgien und Europa geltenden Gesetze einzuhalten und ergreift alle notwendigen Ma\u00dfnahmen, um eine unbefugte oder rechtswidrige Nutzung Ihrer pers\u00f6nlichen Daten zu verhindern. Wir verwenden daher geeignete Verfahren und Systeme, um sicherzustellen, dass nur autorisierte Personen Zugang zu Ihren Daten haben. Zudem m\u00f6chten wir darauf hinweisen, dass diese Personen vertraglich zur Geheimhaltung verpflichtet sind.","og_url":"https:\/\/www.conpalux.com\/de\/rechtliche-informationen\/","og_site_name":"Conpalux","article_modified_time":"2025-04-25T08:02:37+00:00","twitter_card":"summary_large_image","twitter_misc":{"Gesch\u00e4tzte Lesezeit":"1\u00a0Minute"},"schema":{"@context":"https:\/\/schema.org","@graph":[{"@type":"WebPage","@id":"https:\/\/www.conpalux.com\/de\/rechtliche-informationen\/","url":"https:\/\/www.conpalux.com\/de\/rechtliche-informationen\/","name":"Rechtliche Informationen | Conpalux","isPartOf":{"@id":"https:\/\/www.conpalux.com\/de\/#website"},"datePublished":"2022-08-19T12:10:33+00:00","dateModified":"2025-04-25T08:02:37+00:00","breadcrumb":{"@id":"https:\/\/www.conpalux.com\/de\/rechtliche-informationen\/#breadcrumb"},"inLanguage":"de","potentialAction":[{"@type":"ReadAction","target":["https:\/\/www.conpalux.com\/de\/rechtliche-informationen\/"]}]},{"@type":"BreadcrumbList","@id":"https:\/\/www.conpalux.com\/de\/rechtliche-informationen\/#breadcrumb","itemListElement":[{"@type":"ListItem","position":1,"name":"Accueil","item":"https:\/\/www.conpalux.com\/de\/"},{"@type":"ListItem","position":2,"name":"Rechtliche Informationen"}]},{"@type":"WebSite","@id":"https:\/\/www.conpalux.com\/de\/#website","url":"https:\/\/www.conpalux.com\/de\/","name":"Conpalux","description":"","potentialAction":[{"@type":"SearchAction","target":{"@type":"EntryPoint","urlTemplate":"https:\/\/www.conpalux.com\/de\/?s={search_term_string}"},"query-input":{"@type":"PropertyValueSpecification","valueRequired":true,"valueName":"search_term_string"}}],"inLanguage":"de"}]}},"_links":{"self":[{"href":"https:\/\/www.conpalux.com\/de\/wp-json\/wp\/v2\/pages\/2892","targetHints":{"allow":["GET"]}}],"collection":[{"href":"https:\/\/www.conpalux.com\/de\/wp-json\/wp\/v2\/pages"}],"about":[{"href":"https:\/\/www.conpalux.com\/de\/wp-json\/wp\/v2\/types\/page"}],"author":[{"embeddable":true,"href":"https:\/\/www.conpalux.com\/de\/wp-json\/wp\/v2\/users\/1"}],"replies":[{"embeddable":true,"href":"https:\/\/www.conpalux.com\/de\/wp-json\/wp\/v2\/comments?post=2892"}],"version-history":[{"count":3,"href":"https:\/\/www.conpalux.com\/de\/wp-json\/wp\/v2\/pages\/2892\/revisions"}],"predecessor-version":[{"id":3156,"href":"https:\/\/www.conpalux.com\/de\/wp-json\/wp\/v2\/pages\/2892\/revisions\/3156"}],"wp:attachment":[{"href":"https:\/\/www.conpalux.com\/de\/wp-json\/wp\/v2\/media?parent=2892"}],"curies":[{"name":"wp","href":"https:\/\/api.w.org\/{rel}","templated":true}]}}