{"id":3114,"date":"2025-04-25T08:37:33","date_gmt":"2025-04-25T06:37:33","guid":{"rendered":"https:\/\/conpalux.poush-dev.be\/realisations\/"},"modified":"2025-04-25T09:44:06","modified_gmt":"2025-04-25T07:44:06","slug":"projekte","status":"publish","type":"page","link":"https:\/\/www.conpalux.com\/de\/projekte\/","title":{"rendered":"Projekte"},"content":{"rendered":"<p>[et_pb_section fb_built=&#8220;1&#8243; admin_label=&#8220;Intro&#8220; _builder_version=&#8220;4.27.4&#8243; _module_preset=&#8220;99263188-fbd7-4889-9b23-5871c2f44f98&#8243; background_image=&#8220;https:\/\/www.conpalux.com\/wp-content\/uploads\/2025\/02\/CONPALUX-83343.webp&#8220; min_height=&#8220;50vh&#8220; locked=&#8220;off&#8220; global_colors_info=&#8220;{}&#8220;][et_pb_row make_equal=&#8220;on&#8220; _builder_version=&#8220;4.27.4&#8243; _module_preset=&#8220;default&#8220; custom_padding=&#8220;||0px||false|false&#8220; custom_css_main_element=&#8220;align-items: center;&#8220; global_colors_info=&#8220;{}&#8220;][et_pb_column type=&#8220;4_4&#8243; _builder_version=&#8220;4.27.4&#8243; _module_preset=&#8220;default&#8220; global_colors_info=&#8220;{}&#8220;][et_pb_text admin_label=&#8220;Text&#8220; _builder_version=&#8220;4.27.4&#8243; _module_preset=&#8220;5298e62e-f7ac-4dd9-b361-006fc4da68de&#8220; background_size=&#8220;initial&#8220; background_position=&#8220;top_left&#8220; background_repeat=&#8220;repeat&#8220; background_layout=&#8220;dark&#8220; max_width=&#8220;780px&#8220; locked=&#8220;off&#8220; global_colors_info=&#8220;{}&#8220;]<\/p>\n<h1>Unsere Projekte<\/h1>\n<p>[\/et_pb_text][\/et_pb_column][\/et_pb_row][\/et_pb_section][et_pb_section fb_built=&#8220;1&#8243; _builder_version=&#8220;4.27.4&#8243; _module_preset=&#8220;default&#8220; global_colors_info=&#8220;{}&#8220;][et_pb_row _builder_version=&#8220;4.27.4&#8243; _module_preset=&#8220;default&#8220; global_colors_info=&#8220;{}&#8220;][et_pb_column type=&#8220;4_4&#8243; _builder_version=&#8220;4.27.4&#8243; _module_preset=&#8220;default&#8220; global_colors_info=&#8220;{}&#8220;][dsm_filterable_gallery gallery_ids=&#8220;3074,3077,3080,3083,3086,3089,3092,3095,3098&#8243; dsm_number_of_columns=&#8220;5&#8243; dsm_image_sizes=&#8220;gform-image-choice-lg&#8220; dsm_layout=&#8220;overlay&#8220; dsm_auto_height=&#8220;on&#8220; dsm_hover_style=&#8220;fade_in&#8220; dsm_show_filterable_gallery=&#8220;off&#8220; dsm_use_lightbox=&#8220;on&#8220; dsm_show_pagination=&#8220;on&#8220; dsm_use_zoom_on_hover=&#8220;on&#8220; dsm_number_of_columns_tablet=&#8220;3&#8243; dsm_number_of_columns_phone=&#8220;2&#8243; dsm_number_of_columns_last_edited=&#8220;on|phone&#8220; _builder_version=&#8220;4.27.4&#8243; _module_preset=&#8220;a3fefdbe-9f4d-4c71-9b24-4a011cc82982&#8243; hover_enabled=&#8220;0&#8243; global_colors_info=&#8220;{}&#8220; sticky_enabled=&#8220;0&#8243;][\/dsm_filterable_gallery][\/et_pb_column][\/et_pb_row][\/et_pb_section]<\/p>\n","protected":false},"excerpt":{"rendered":"<p>Unsere Projekte<div class=\"et_pb_module dsm_filterable_gallery dsm_filterable_gallery_0\">\n\t\t\t\t\n\t\t\t\t\n\t\t\t\t\n\t\t\t\t\n\t\t\t\t\n\t\t\t\t\n\t\t\t\t<div class=\"et_pb_module_inner\">\n\t\t\t\t\t<div class=\"dsm-filterable-gallery-container dsm-image-hover\" data-paginationtype=\"load_more\" data-currentpage=\"1\" data-per_page=\"30\" data-use_lightbox=\"on\" data-totalpages=\"1\" data-speed=\"250\" data-showpagination=\"on\">\n\t\t\t  \t \n\t\t      <div class=\"dsm-filterable-gallery-inner-container \">\n\t\t\t  \t<div class=\"dsm-filterable-gallery-item\" data-mfp-src=\"https:\/\/www.conpalux.com\/wp-content\/uploads\/2025\/04\/display-CCILB-copie.webp\" data-inpage=\"1\" data-groups=\"all\"   >\n\t\t\t\t\t\t\t<div class=\"dsm-filterable-gallery-inner-item\">\n\t\t\t\t\t\t\t  <div class=\"dsm-filterable-gallery-image-wrapper\"><img decoding=\"async\" src=\"https:\/\/www.conpalux.com\/wp-content\/uploads\/2025\/04\/display-CCILB-copie.webp\" title=\"display CCILB copie\" alt=\"\" class=\"skip-lazy\" \/><\/div>\n\t\t\t\t\t\t\t  \n\t\t\t\t\t\t\t<\/div>\n\t\t\t\t\t\t<\/div> \n\t\t\t\t\t<div class=\"dsm-filterable-gallery-item\" data-mfp-src=\"https:\/\/www.conpalux.com\/wp-content\/uploads\/2025\/04\/Display-Formy-copie.webp\" data-inpage=\"1\" data-groups=\"all\"   >\n\t\t\t\t\t\t\t<div class=\"dsm-filterable-gallery-inner-item\">\n\t\t\t\t\t\t\t  <div class=\"dsm-filterable-gallery-image-wrapper\"><img decoding=\"async\" src=\"https:\/\/www.conpalux.com\/wp-content\/uploads\/2025\/04\/Display-Formy-copie.webp\" title=\"Display Formy copie\" alt=\"Pr\u00e9sentoir Formy pour la publicit\u00e9 et la disposition brand\u00e9e des produits en magasin fournis par Conpalux \" class=\"skip-lazy\" \/><\/div>\n\t\t\t\t\t\t\t  \n\t\t\t\t\t\t\t<\/div>\n\t\t\t\t\t\t<\/div> \n\t\t\t\t\t<div class=\"dsm-filterable-gallery-item\" data-mfp-src=\"https:\/\/www.conpalux.com\/wp-content\/uploads\/2025\/04\/Display-Interblocs-copie.webp\" data-inpage=\"1\" data-groups=\"all\"   >\n\t\t\t\t\t\t\t<div class=\"dsm-filterable-gallery-inner-item\">\n\t\t\t\t\t\t\t  <div class=\"dsm-filterable-gallery-image-wrapper\"><img decoding=\"async\" src=\"https:\/\/www.conpalux.com\/wp-content\/uploads\/2025\/04\/Display-Interblocs-copie.webp\" title=\"Display Interblocs copie\" alt=\"\" class=\"skip-lazy\" \/><\/div>\n\t\t\t\t\t\t\t  \n\t\t\t\t\t\t\t<\/div>\n\t\t\t\t\t\t<\/div> \n\t\t\t\t\t<div class=\"dsm-filterable-gallery-item\" data-mfp-src=\"https:\/\/www.conpalux.com\/wp-content\/uploads\/2025\/04\/Display-Le-nichoir-copie.webp\" data-inpage=\"1\" data-groups=\"all\"   >\n\t\t\t\t\t\t\t<div class=\"dsm-filterable-gallery-inner-item\">\n\t\t\t\t\t\t\t  <div class=\"dsm-filterable-gallery-image-wrapper\"><img decoding=\"async\" src=\"https:\/\/www.conpalux.com\/wp-content\/uploads\/2025\/04\/Display-Le-nichoir-copie.webp\" title=\"Display Le nichoir copie\" alt=\"\" class=\"skip-lazy\" \/><\/div>\n\t\t\t\t\t\t\t  \n\t\t\t\t\t\t\t<\/div>\n\t\t\t\t\t\t<\/div> \n\t\t\t\t\t<div class=\"dsm-filterable-gallery-item\" data-mfp-src=\"https:\/\/www.conpalux.com\/wp-content\/uploads\/2025\/04\/Display-Leboutte-copie.webp\" data-inpage=\"1\" data-groups=\"all\"   >\n\t\t\t\t\t\t\t<div class=\"dsm-filterable-gallery-inner-item\">\n\t\t\t\t\t\t\t  <div class=\"dsm-filterable-gallery-image-wrapper\"><img decoding=\"async\" src=\"https:\/\/www.conpalux.com\/wp-content\/uploads\/2025\/04\/Display-Leboutte-copie.webp\" title=\"Display Leboutte copie\" alt=\"\" class=\"skip-lazy\" \/><\/div>\n\t\t\t\t\t\t\t  \n\t\t\t\t\t\t\t<\/div>\n\t\t\t\t\t\t<\/div> \n\t\t\t\t\t<div class=\"dsm-filterable-gallery-item\" data-mfp-src=\"https:\/\/www.conpalux.com\/wp-content\/uploads\/2025\/04\/display-les-Namuroises-copie.webp\" data-inpage=\"1\" data-groups=\"all\"   >\n\t\t\t\t\t\t\t<div class=\"dsm-filterable-gallery-inner-item\">\n\t\t\t\t\t\t\t  <div class=\"dsm-filterable-gallery-image-wrapper\"><img decoding=\"async\" src=\"https:\/\/www.conpalux.com\/wp-content\/uploads\/2025\/04\/display-les-Namuroises-copie.webp\" title=\"display les Namuroises copie\" alt=\"\" class=\"skip-lazy\" \/><\/div>\n\t\t\t\t\t\t\t  \n\t\t\t\t\t\t\t<\/div>\n\t\t\t\t\t\t<\/div> \n\t\t\t\t\t<div class=\"dsm-filterable-gallery-item\" data-mfp-src=\"https:\/\/www.conpalux.com\/wp-content\/uploads\/2025\/04\/display-Thomas-Etienne-copie.webp\" data-inpage=\"1\" data-groups=\"all\"   >\n\t\t\t\t\t\t\t<div class=\"dsm-filterable-gallery-inner-item\">\n\t\t\t\t\t\t\t  <div class=\"dsm-filterable-gallery-image-wrapper\"><img decoding=\"async\" src=\"https:\/\/www.conpalux.com\/wp-content\/uploads\/2025\/04\/display-Thomas-Etienne-copie.webp\" title=\"display Thomas Etienne copie\" alt=\"nos fioles propos\u00e9es pour contenir les produits cosm\u00e9tiques de qualit\u00e9 pr\u00e9par\u00e9s avec expertise chez Conpalux \" class=\"skip-lazy\" \/><\/div>\n\t\t\t\t\t\t\t  \n\t\t\t\t\t\t\t<\/div>\n\t\t\t\t\t\t<\/div> \n\t\t\t\t\t<div class=\"dsm-filterable-gallery-item\" data-mfp-src=\"https:\/\/www.conpalux.com\/wp-content\/uploads\/2025\/04\/Display-Train-et-sac-a-dos-copie.webp\" data-inpage=\"1\" data-groups=\"all\"   >\n\t\t\t\t\t\t\t<div class=\"dsm-filterable-gallery-inner-item\">\n\t\t\t\t\t\t\t  <div class=\"dsm-filterable-gallery-image-wrapper\"><img decoding=\"async\" src=\"https:\/\/www.conpalux.com\/wp-content\/uploads\/2025\/04\/Display-Train-et-sac-a-dos-copie.webp\" title=\"Display Train et sac a dos copie\" alt=\"Pr\u00e9sentoir type propos\u00e9 pour embellir l&#039;agencement de vos produits en magasin.\" class=\"skip-lazy\" \/><\/div>\n\t\t\t\t\t\t\t  \n\t\t\t\t\t\t\t<\/div>\n\t\t\t\t\t\t<\/div> \n\t\t\t\t\t<div class=\"dsm-filterable-gallery-item\" data-mfp-src=\"https:\/\/www.conpalux.com\/wp-content\/uploads\/2025\/04\/Display-Valrhona-copie.webp\" data-inpage=\"1\" data-groups=\"all\"   >\n\t\t\t\t\t\t\t<div class=\"dsm-filterable-gallery-inner-item\">\n\t\t\t\t\t\t\t  <div class=\"dsm-filterable-gallery-image-wrapper\"><img decoding=\"async\" src=\"https:\/\/www.conpalux.com\/wp-content\/uploads\/2025\/04\/Display-Valrhona-copie.webp\" title=\"Display Valrhona copie\" alt=\"Un pr\u00e9sentoir destin\u00e9 \u00e0 la publicit\u00e9 en magasin et \u00e0 la disposition des produits cosm\u00e9tiques de qualit\u00e9 produits par Conpalux\" class=\"skip-lazy\" \/><\/div>\n\t\t\t\t\t\t\t  \n\t\t\t\t\t\t\t<\/div>\n\t\t\t\t\t\t<\/div> \n\t\t\t\t\t \n\t\t\t  <\/div>\n\t\t\t  \n\t\t\t<div class=\"dsm-gallery-loadmore-container\">\n\t\t\t\t<span>Load More<\/span>\n\t\t\t<\/div>\n\t\t\n\t\t\t  \n\t\t   <\/div>\n\t\t\n\t\t\t\t<\/div>\n\t\t\t<\/div><\/p>\n","protected":false},"author":1,"featured_media":0,"parent":0,"menu_order":110,"comment_status":"closed","ping_status":"closed","template":"","meta":{"_et_pb_use_builder":"on","_et_pb_old_content":"","_et_gb_content_width":"","footnotes":""},"class_list":["post-3114","page","type-page","status-publish","hentry"],"yoast_head":"<!-- This site is optimized with the Yoast SEO plugin v27.4 - https:\/\/yoast.com\/product\/yoast-seo-wordpress\/ -->\n<title>Projekte | Conpalux<\/title>\n<meta name=\"robots\" content=\"index, follow, max-snippet:-1, max-image-preview:large, max-video-preview:-1\" \/>\n<link rel=\"canonical\" href=\"https:\/\/www.conpalux.com\/de\/projekte\/\" \/>\n<meta property=\"og:locale\" content=\"de_DE\" \/>\n<meta property=\"og:type\" content=\"article\" \/>\n<meta property=\"og:title\" content=\"Projekte | Conpalux\" \/>\n<meta property=\"og:description\" content=\"Unsere Projekte\" \/>\n<meta property=\"og:url\" content=\"https:\/\/www.conpalux.com\/de\/projekte\/\" \/>\n<meta property=\"og:site_name\" content=\"Conpalux\" \/>\n<meta property=\"article:modified_time\" content=\"2025-04-25T07:44:06+00:00\" \/>\n<meta name=\"twitter:card\" content=\"summary_large_image\" \/>\n<meta name=\"twitter:label1\" content=\"Gesch\u00e4tzte Lesezeit\" \/>\n\t<meta name=\"twitter:data1\" content=\"2\u00a0Minuten\" \/>\n<script type=\"application\/ld+json\" class=\"yoast-schema-graph\">{\"@context\":\"https:\\\/\\\/schema.org\",\"@graph\":[{\"@type\":\"WebPage\",\"@id\":\"https:\\\/\\\/www.conpalux.com\\\/de\\\/projekte\\\/\",\"url\":\"https:\\\/\\\/www.conpalux.com\\\/de\\\/projekte\\\/\",\"name\":\"Projekte | Conpalux\",\"isPartOf\":{\"@id\":\"https:\\\/\\\/www.conpalux.com\\\/de\\\/#website\"},\"datePublished\":\"2025-04-25T06:37:33+00:00\",\"dateModified\":\"2025-04-25T07:44:06+00:00\",\"breadcrumb\":{\"@id\":\"https:\\\/\\\/www.conpalux.com\\\/de\\\/projekte\\\/#breadcrumb\"},\"inLanguage\":\"de\",\"potentialAction\":[{\"@type\":\"ReadAction\",\"target\":[\"https:\\\/\\\/www.conpalux.com\\\/de\\\/projekte\\\/\"]}]},{\"@type\":\"BreadcrumbList\",\"@id\":\"https:\\\/\\\/www.conpalux.com\\\/de\\\/projekte\\\/#breadcrumb\",\"itemListElement\":[{\"@type\":\"ListItem\",\"position\":1,\"name\":\"Accueil\",\"item\":\"https:\\\/\\\/www.conpalux.com\\\/de\\\/\"},{\"@type\":\"ListItem\",\"position\":2,\"name\":\"Projekte\"}]},{\"@type\":\"WebSite\",\"@id\":\"https:\\\/\\\/www.conpalux.com\\\/de\\\/#website\",\"url\":\"https:\\\/\\\/www.conpalux.com\\\/de\\\/\",\"name\":\"Conpalux\",\"description\":\"\",\"potentialAction\":[{\"@type\":\"SearchAction\",\"target\":{\"@type\":\"EntryPoint\",\"urlTemplate\":\"https:\\\/\\\/www.conpalux.com\\\/de\\\/?s={search_term_string}\"},\"query-input\":{\"@type\":\"PropertyValueSpecification\",\"valueRequired\":true,\"valueName\":\"search_term_string\"}}],\"inLanguage\":\"de\"}]}<\/script>\n<!-- \/ Yoast SEO plugin. -->","yoast_head_json":{"title":"Projekte | Conpalux","robots":{"index":"index","follow":"follow","max-snippet":"max-snippet:-1","max-image-preview":"max-image-preview:large","max-video-preview":"max-video-preview:-1"},"canonical":"https:\/\/www.conpalux.com\/de\/projekte\/","og_locale":"de_DE","og_type":"article","og_title":"Projekte | Conpalux","og_description":"Unsere Projekte","og_url":"https:\/\/www.conpalux.com\/de\/projekte\/","og_site_name":"Conpalux","article_modified_time":"2025-04-25T07:44:06+00:00","twitter_card":"summary_large_image","twitter_misc":{"Gesch\u00e4tzte Lesezeit":"2\u00a0Minuten"},"schema":{"@context":"https:\/\/schema.org","@graph":[{"@type":"WebPage","@id":"https:\/\/www.conpalux.com\/de\/projekte\/","url":"https:\/\/www.conpalux.com\/de\/projekte\/","name":"Projekte | Conpalux","isPartOf":{"@id":"https:\/\/www.conpalux.com\/de\/#website"},"datePublished":"2025-04-25T06:37:33+00:00","dateModified":"2025-04-25T07:44:06+00:00","breadcrumb":{"@id":"https:\/\/www.conpalux.com\/de\/projekte\/#breadcrumb"},"inLanguage":"de","potentialAction":[{"@type":"ReadAction","target":["https:\/\/www.conpalux.com\/de\/projekte\/"]}]},{"@type":"BreadcrumbList","@id":"https:\/\/www.conpalux.com\/de\/projekte\/#breadcrumb","itemListElement":[{"@type":"ListItem","position":1,"name":"Accueil","item":"https:\/\/www.conpalux.com\/de\/"},{"@type":"ListItem","position":2,"name":"Projekte"}]},{"@type":"WebSite","@id":"https:\/\/www.conpalux.com\/de\/#website","url":"https:\/\/www.conpalux.com\/de\/","name":"Conpalux","description":"","potentialAction":[{"@type":"SearchAction","target":{"@type":"EntryPoint","urlTemplate":"https:\/\/www.conpalux.com\/de\/?s={search_term_string}"},"query-input":{"@type":"PropertyValueSpecification","valueRequired":true,"valueName":"search_term_string"}}],"inLanguage":"de"}]}},"_links":{"self":[{"href":"https:\/\/www.conpalux.com\/de\/wp-json\/wp\/v2\/pages\/3114","targetHints":{"allow":["GET"]}}],"collection":[{"href":"https:\/\/www.conpalux.com\/de\/wp-json\/wp\/v2\/pages"}],"about":[{"href":"https:\/\/www.conpalux.com\/de\/wp-json\/wp\/v2\/types\/page"}],"author":[{"embeddable":true,"href":"https:\/\/www.conpalux.com\/de\/wp-json\/wp\/v2\/users\/1"}],"replies":[{"embeddable":true,"href":"https:\/\/www.conpalux.com\/de\/wp-json\/wp\/v2\/comments?post=3114"}],"version-history":[{"count":4,"href":"https:\/\/www.conpalux.com\/de\/wp-json\/wp\/v2\/pages\/3114\/revisions"}],"predecessor-version":[{"id":3137,"href":"https:\/\/www.conpalux.com\/de\/wp-json\/wp\/v2\/pages\/3114\/revisions\/3137"}],"wp:attachment":[{"href":"https:\/\/www.conpalux.com\/de\/wp-json\/wp\/v2\/media?parent=3114"}],"curies":[{"name":"wp","href":"https:\/\/api.w.org\/{rel}","templated":true}]}}