{"id":2881,"date":"2022-08-19T14:10:33","date_gmt":"2022-08-19T12:10:33","guid":{"rendered":"https:\/\/conpalux.poush-dev.be\/mentions-legales\/"},"modified":"2025-04-25T10:01:26","modified_gmt":"2025-04-25T08:01:26","slug":"legal-notice","status":"publish","type":"page","link":"https:\/\/www.conpalux.com\/en\/legal-notice\/","title":{"rendered":"Legal notice"},"content":{"rendered":"<p>[et_pb_section fb_built=&#8221;1&#8243; _builder_version=&#8221;4.16&#8243; global_colors_info=&#8221;{}&#8221;][et_pb_row _builder_version=&#8221;4.16&#8243; background_size=&#8221;initial&#8221; background_position=&#8221;top_left&#8221; background_repeat=&#8221;repeat&#8221; global_colors_info=&#8221;{}&#8221;][et_pb_column type=&#8221;4_4&#8243; _builder_version=&#8221;4.16&#8243; custom_padding=&#8221;|||&#8221; global_colors_info=&#8221;{}&#8221; custom_padding__hover=&#8221;|||&#8221;][et_pb_text _builder_version=&#8221;4.27.4&#8243; background_size=&#8221;initial&#8221; background_position=&#8221;top_left&#8221; background_repeat=&#8221;repeat&#8221; global_colors_info=&#8221;{}&#8221;]<\/p>\n<h1><span style=\"font-weight: 400;\">Legal Information<\/span><\/h1>\n<p>&nbsp;<\/p>\n<h2><span style=\"font-weight: 400;\">About us?<\/span><\/h2>\n<p>&nbsp;<\/p>\n<p><b>Le Saupont SC \u2013 Conpalux<\/b><\/p>\n<p><span style=\"font-weight: 400;\">Cosmetics business<\/span><\/p>\n<p>&nbsp;<\/p>\n<p><b>Mission<\/b><\/p>\n<p><span style=\"font-weight: 400;\">Support for the development of your cosmetics<\/span><\/p>\n<p>&nbsp;<\/p>\n<p><b>Contact<\/b><\/p>\n<p><span style=\"font-weight: 400;\">Le Saupont SC \u2013 Conpalux<\/span><\/p>\n<p><span style=\"font-weight: 400;\">\u00a0Rue de Lonnoux 2, 6880 Bertrix Belgique<\/span><\/p>\n<p>&nbsp;<\/p>\n<p><span style=\"font-weight: 400;\">061 41 18 16<\/span><\/p>\n<p><span style=\"font-weight: 400;\">projet@saupont.be<\/span><\/p>\n<p><span style=\"font-weight: 400;\">BE0407713665<\/span><\/p>\n<p>&nbsp;<\/p>\n<p><span style=\"font-weight: 400;\">Le Saupont SC \u2013 Conpalux is committed to complying with the legislation in force in Belgium and Europe and takes all necessary steps to prevent any unauthorised or unlawful use of your personal data. We therefore use appropriate procedures and systems to ensure that only persons authorised to do so can access your data. We also wish to point out that such persons are bound by a duty of confidentiality under the terms of their employment.<\/span><\/p>\n<p>[\/et_pb_text][\/et_pb_column][\/et_pb_row][\/et_pb_section]<\/p>\n","protected":false},"excerpt":{"rendered":"<p>Legal Information &nbsp; About us? &nbsp; Le Saupont SC \u2013 Conpalux Cosmetics business &nbsp; Mission Support for the development of your cosmetics &nbsp; Contact Le Saupont SC \u2013 Conpalux \u00a0Rue de Lonnoux 2, 6880 Bertrix Belgique &nbsp; 061 41 18 16 projet@saupont.be BE0407713665 &nbsp; Le Saupont SC \u2013 Conpalux is committed to complying with the legislation in force in Belgium and Europe and takes all necessary steps to prevent any unauthorised or unlawful use of your personal data. We therefore use appropriate procedures and systems to ensure that only persons authorised to do so can access your data. We also wish to point out that such persons are bound by a duty of confidentiality under the terms of their employment.<\/p>\n","protected":false},"author":1,"featured_media":0,"parent":0,"menu_order":1000,"comment_status":"closed","ping_status":"closed","template":"","meta":{"_et_pb_use_builder":"on","_et_pb_old_content":"<h2>Qui sommes-nous ?<\/h2><p>Le Saupont SC \u2013 Conpalux<\/p><p>Activit\u00e9 cosm\u00e9tique<\/p><p><strong>Mission<\/strong><\/p><p>Accompagnement dans le d\u00e9veloppement de vos cosm\u00e9tiques<\/p><p>\u00a0<\/p><p><strong>Contact<\/strong><\/p><p>Le Saupont SC \u2013 Conpalux<\/p><p>Rue de Lonnoux 2, 6880 Bertrix Belgique<\/p><p>[NUMERO TEL]<\/p><p>[EMAIL]<\/p><p>[NUMERO D\u2019ENTREPRISE]<\/p><p>Le Saupont SC \u2013 Conpalux s\u2019engage \u00e0 respecter la l\u00e9gislation en vigueur en Belgique et en Europe et met tout en \u0153uvre afin d\u2019emp\u00eacher tout usage non autoris\u00e9 ou illicite de vos donn\u00e9es personnelles. \u00c0 cette fin, nous utilisons des proc\u00e9dures et des syst\u00e8mes appropri\u00e9s pour que seules les personnes qui y sont autoris\u00e9es puissent acc\u00e9der \u00e0 vos informations. En outre, nous vous rappelons que ces personnes sont tenues \u00e0 un devoir de confidentialit\u00e9 dans le cadre de leur fonction.<\/p>","_et_gb_content_width":"","footnotes":""},"class_list":["post-2881","page","type-page","status-publish","hentry"],"yoast_head":"<!-- This site is optimized with the Yoast SEO plugin v27.4 - https:\/\/yoast.com\/product\/yoast-seo-wordpress\/ -->\n<title>Legal notice | Conpalux<\/title>\n<meta name=\"robots\" content=\"index, follow, max-snippet:-1, max-image-preview:large, max-video-preview:-1\" \/>\n<link rel=\"canonical\" href=\"https:\/\/www.conpalux.com\/en\/legal-notice\/\" \/>\n<meta property=\"og:locale\" content=\"en_US\" \/>\n<meta property=\"og:type\" content=\"article\" \/>\n<meta property=\"og:title\" content=\"Legal notice | Conpalux\" \/>\n<meta property=\"og:description\" content=\"Legal Information &nbsp; About us? &nbsp; Le Saupont SC \u2013 Conpalux Cosmetics business &nbsp; Mission Support for the development of your cosmetics &nbsp; Contact Le Saupont SC \u2013 Conpalux \u00a0Rue de Lonnoux 2, 6880 Bertrix Belgique &nbsp; 061 41 18 16 projet@saupont.be BE0407713665 &nbsp; Le Saupont SC \u2013 Conpalux is committed to complying with the legislation in force in Belgium and Europe and takes all necessary steps to prevent any unauthorised or unlawful use of your personal data. We therefore use appropriate procedures and systems to ensure that only persons authorised to do so can access your data. We also wish to point out that such persons are bound by a duty of confidentiality under the terms of their employment.\" \/>\n<meta property=\"og:url\" content=\"https:\/\/www.conpalux.com\/en\/legal-notice\/\" \/>\n<meta property=\"og:site_name\" content=\"Conpalux\" \/>\n<meta property=\"article:modified_time\" content=\"2025-04-25T08:01:26+00:00\" \/>\n<meta name=\"twitter:card\" content=\"summary_large_image\" \/>\n<meta name=\"twitter:label1\" content=\"Est. reading time\" \/>\n\t<meta name=\"twitter:data1\" content=\"1 minute\" \/>\n<script type=\"application\/ld+json\" class=\"yoast-schema-graph\">{\"@context\":\"https:\\\/\\\/schema.org\",\"@graph\":[{\"@type\":\"WebPage\",\"@id\":\"https:\\\/\\\/www.conpalux.com\\\/en\\\/legal-notice\\\/\",\"url\":\"https:\\\/\\\/www.conpalux.com\\\/en\\\/legal-notice\\\/\",\"name\":\"Legal notice | Conpalux\",\"isPartOf\":{\"@id\":\"https:\\\/\\\/www.conpalux.com\\\/en\\\/#website\"},\"datePublished\":\"2022-08-19T12:10:33+00:00\",\"dateModified\":\"2025-04-25T08:01:26+00:00\",\"breadcrumb\":{\"@id\":\"https:\\\/\\\/www.conpalux.com\\\/en\\\/legal-notice\\\/#breadcrumb\"},\"inLanguage\":\"en-US\",\"potentialAction\":[{\"@type\":\"ReadAction\",\"target\":[\"https:\\\/\\\/www.conpalux.com\\\/en\\\/legal-notice\\\/\"]}]},{\"@type\":\"BreadcrumbList\",\"@id\":\"https:\\\/\\\/www.conpalux.com\\\/en\\\/legal-notice\\\/#breadcrumb\",\"itemListElement\":[{\"@type\":\"ListItem\",\"position\":1,\"name\":\"Accueil\",\"item\":\"https:\\\/\\\/www.conpalux.com\\\/en\\\/\"},{\"@type\":\"ListItem\",\"position\":2,\"name\":\"Legal notice\"}]},{\"@type\":\"WebSite\",\"@id\":\"https:\\\/\\\/www.conpalux.com\\\/en\\\/#website\",\"url\":\"https:\\\/\\\/www.conpalux.com\\\/en\\\/\",\"name\":\"Conpalux\",\"description\":\"\",\"potentialAction\":[{\"@type\":\"SearchAction\",\"target\":{\"@type\":\"EntryPoint\",\"urlTemplate\":\"https:\\\/\\\/www.conpalux.com\\\/en\\\/?s={search_term_string}\"},\"query-input\":{\"@type\":\"PropertyValueSpecification\",\"valueRequired\":true,\"valueName\":\"search_term_string\"}}],\"inLanguage\":\"en-US\"}]}<\/script>\n<!-- \/ Yoast SEO plugin. -->","yoast_head_json":{"title":"Legal notice | Conpalux","robots":{"index":"index","follow":"follow","max-snippet":"max-snippet:-1","max-image-preview":"max-image-preview:large","max-video-preview":"max-video-preview:-1"},"canonical":"https:\/\/www.conpalux.com\/en\/legal-notice\/","og_locale":"en_US","og_type":"article","og_title":"Legal notice | Conpalux","og_description":"Legal Information &nbsp; About us? &nbsp; Le Saupont SC \u2013 Conpalux Cosmetics business &nbsp; Mission Support for the development of your cosmetics &nbsp; Contact Le Saupont SC \u2013 Conpalux \u00a0Rue de Lonnoux 2, 6880 Bertrix Belgique &nbsp; 061 41 18 16 projet@saupont.be BE0407713665 &nbsp; Le Saupont SC \u2013 Conpalux is committed to complying with the legislation in force in Belgium and Europe and takes all necessary steps to prevent any unauthorised or unlawful use of your personal data. We therefore use appropriate procedures and systems to ensure that only persons authorised to do so can access your data. We also wish to point out that such persons are bound by a duty of confidentiality under the terms of their employment.","og_url":"https:\/\/www.conpalux.com\/en\/legal-notice\/","og_site_name":"Conpalux","article_modified_time":"2025-04-25T08:01:26+00:00","twitter_card":"summary_large_image","twitter_misc":{"Est. reading time":"1 minute"},"schema":{"@context":"https:\/\/schema.org","@graph":[{"@type":"WebPage","@id":"https:\/\/www.conpalux.com\/en\/legal-notice\/","url":"https:\/\/www.conpalux.com\/en\/legal-notice\/","name":"Legal notice | Conpalux","isPartOf":{"@id":"https:\/\/www.conpalux.com\/en\/#website"},"datePublished":"2022-08-19T12:10:33+00:00","dateModified":"2025-04-25T08:01:26+00:00","breadcrumb":{"@id":"https:\/\/www.conpalux.com\/en\/legal-notice\/#breadcrumb"},"inLanguage":"en-US","potentialAction":[{"@type":"ReadAction","target":["https:\/\/www.conpalux.com\/en\/legal-notice\/"]}]},{"@type":"BreadcrumbList","@id":"https:\/\/www.conpalux.com\/en\/legal-notice\/#breadcrumb","itemListElement":[{"@type":"ListItem","position":1,"name":"Accueil","item":"https:\/\/www.conpalux.com\/en\/"},{"@type":"ListItem","position":2,"name":"Legal notice"}]},{"@type":"WebSite","@id":"https:\/\/www.conpalux.com\/en\/#website","url":"https:\/\/www.conpalux.com\/en\/","name":"Conpalux","description":"","potentialAction":[{"@type":"SearchAction","target":{"@type":"EntryPoint","urlTemplate":"https:\/\/www.conpalux.com\/en\/?s={search_term_string}"},"query-input":{"@type":"PropertyValueSpecification","valueRequired":true,"valueName":"search_term_string"}}],"inLanguage":"en-US"}]}},"_links":{"self":[{"href":"https:\/\/www.conpalux.com\/en\/wp-json\/wp\/v2\/pages\/2881","targetHints":{"allow":["GET"]}}],"collection":[{"href":"https:\/\/www.conpalux.com\/en\/wp-json\/wp\/v2\/pages"}],"about":[{"href":"https:\/\/www.conpalux.com\/en\/wp-json\/wp\/v2\/types\/page"}],"author":[{"embeddable":true,"href":"https:\/\/www.conpalux.com\/en\/wp-json\/wp\/v2\/users\/1"}],"replies":[{"embeddable":true,"href":"https:\/\/www.conpalux.com\/en\/wp-json\/wp\/v2\/comments?post=2881"}],"version-history":[{"count":4,"href":"https:\/\/www.conpalux.com\/en\/wp-json\/wp\/v2\/pages\/2881\/revisions"}],"predecessor-version":[{"id":3154,"href":"https:\/\/www.conpalux.com\/en\/wp-json\/wp\/v2\/pages\/2881\/revisions\/3154"}],"wp:attachment":[{"href":"https:\/\/www.conpalux.com\/en\/wp-json\/wp\/v2\/media?parent=2881"}],"curies":[{"name":"wp","href":"https:\/\/api.w.org\/{rel}","templated":true}]}}