{"id":3113,"date":"2025-04-25T08:37:33","date_gmt":"2025-04-25T06:37:33","guid":{"rendered":"https:\/\/conpalux.poush-dev.be\/realisations\/"},"modified":"2025-04-25T09:43:19","modified_gmt":"2025-04-25T07:43:19","slug":"work","status":"publish","type":"page","link":"https:\/\/www.conpalux.com\/en\/work\/","title":{"rendered":"Work"},"content":{"rendered":"<p>[et_pb_section fb_built=&#8221;1&#8243; admin_label=&#8221;Intro&#8221; _builder_version=&#8221;4.27.4&#8243; _module_preset=&#8221;99263188-fbd7-4889-9b23-5871c2f44f98&#8243; background_image=&#8221;https:\/\/www.conpalux.com\/wp-content\/uploads\/2025\/02\/CONPALUX-83343.webp&#8221; min_height=&#8221;50vh&#8221; locked=&#8221;off&#8221; global_colors_info=&#8221;{}&#8221;][et_pb_row make_equal=&#8221;on&#8221; _builder_version=&#8221;4.27.4&#8243; _module_preset=&#8221;default&#8221; custom_padding=&#8221;||0px||false|false&#8221; custom_css_main_element=&#8221;align-items: center;&#8221; global_colors_info=&#8221;{}&#8221;][et_pb_column type=&#8221;4_4&#8243; _builder_version=&#8221;4.27.4&#8243; _module_preset=&#8221;default&#8221; global_colors_info=&#8221;{}&#8221;][et_pb_text admin_label=&#8221;Text&#8221; _builder_version=&#8221;4.27.4&#8243; _module_preset=&#8221;5298e62e-f7ac-4dd9-b361-006fc4da68de&#8221; background_size=&#8221;initial&#8221; background_position=&#8221;top_left&#8221; background_repeat=&#8221;repeat&#8221; background_layout=&#8221;dark&#8221; max_width=&#8221;780px&#8221; locked=&#8221;off&#8221; global_colors_info=&#8221;{}&#8221;]<\/p>\n<h1>Our work<\/h1>\n<p>[\/et_pb_text][\/et_pb_column][\/et_pb_row][\/et_pb_section][et_pb_section fb_built=&#8221;1&#8243; _builder_version=&#8221;4.27.4&#8243; _module_preset=&#8221;default&#8221; global_colors_info=&#8221;{}&#8221;][et_pb_row _builder_version=&#8221;4.27.4&#8243; _module_preset=&#8221;default&#8221; global_colors_info=&#8221;{}&#8221;][et_pb_column type=&#8221;4_4&#8243; _builder_version=&#8221;4.27.4&#8243; _module_preset=&#8221;default&#8221; global_colors_info=&#8221;{}&#8221;][dsm_filterable_gallery gallery_ids=&#8221;3074,3077,3080,3083,3086,3089,3092,3095,3098&#8243; dsm_number_of_columns=&#8221;5&#8243; dsm_image_sizes=&#8221;gform-image-choice-lg&#8221; dsm_layout=&#8221;overlay&#8221; dsm_auto_height=&#8221;on&#8221; dsm_hover_style=&#8221;fade_in&#8221; dsm_show_filterable_gallery=&#8221;off&#8221; dsm_use_lightbox=&#8221;on&#8221; dsm_show_pagination=&#8221;on&#8221; dsm_use_zoom_on_hover=&#8221;on&#8221; dsm_number_of_columns_tablet=&#8221;3&#8243; dsm_number_of_columns_phone=&#8221;2&#8243; dsm_number_of_columns_last_edited=&#8221;on|phone&#8221; _builder_version=&#8221;4.27.4&#8243; _module_preset=&#8221;a3fefdbe-9f4d-4c71-9b24-4a011cc82982&#8243; hover_enabled=&#8221;0&#8243; global_colors_info=&#8221;{}&#8221; sticky_enabled=&#8221;0&#8243;][\/dsm_filterable_gallery][\/et_pb_column][\/et_pb_row][\/et_pb_section]<\/p>\n","protected":false},"excerpt":{"rendered":"<p>Our work<div class=\"et_pb_module dsm_filterable_gallery dsm_filterable_gallery_0\">\n\t\t\t\t\n\t\t\t\t\n\t\t\t\t\n\t\t\t\t\n\t\t\t\t\n\t\t\t\t\n\t\t\t\t<div class=\"et_pb_module_inner\">\n\t\t\t\t\t<div class=\"dsm-filterable-gallery-container dsm-image-hover\" data-paginationtype=\"load_more\" data-currentpage=\"1\" data-per_page=\"30\" data-use_lightbox=\"on\" data-totalpages=\"1\" data-speed=\"250\" data-showpagination=\"on\">\n\t\t\t  \t \n\t\t      <div class=\"dsm-filterable-gallery-inner-container \">\n\t\t\t  \t<div class=\"dsm-filterable-gallery-item\" data-mfp-src=\"https:\/\/www.conpalux.com\/wp-content\/uploads\/2025\/04\/display-CCILB-copie.webp\" data-inpage=\"1\" data-groups=\"all\"   >\n\t\t\t\t\t\t\t<div class=\"dsm-filterable-gallery-inner-item\">\n\t\t\t\t\t\t\t  <div class=\"dsm-filterable-gallery-image-wrapper\"><img decoding=\"async\" src=\"https:\/\/www.conpalux.com\/wp-content\/uploads\/2025\/04\/display-CCILB-copie.webp\" title=\"display CCILB copie\" alt=\"\" class=\"skip-lazy\" \/><\/div>\n\t\t\t\t\t\t\t  \n\t\t\t\t\t\t\t<\/div>\n\t\t\t\t\t\t<\/div> \n\t\t\t\t\t<div class=\"dsm-filterable-gallery-item\" data-mfp-src=\"https:\/\/www.conpalux.com\/wp-content\/uploads\/2025\/04\/Display-Formy-copie.webp\" data-inpage=\"1\" data-groups=\"all\"   >\n\t\t\t\t\t\t\t<div class=\"dsm-filterable-gallery-inner-item\">\n\t\t\t\t\t\t\t  <div class=\"dsm-filterable-gallery-image-wrapper\"><img decoding=\"async\" src=\"https:\/\/www.conpalux.com\/wp-content\/uploads\/2025\/04\/Display-Formy-copie.webp\" title=\"Display Formy copie\" alt=\"Pr\u00e9sentoir Formy pour la publicit\u00e9 et la disposition brand\u00e9e des produits en magasin fournis par Conpalux \" class=\"skip-lazy\" \/><\/div>\n\t\t\t\t\t\t\t  \n\t\t\t\t\t\t\t<\/div>\n\t\t\t\t\t\t<\/div> \n\t\t\t\t\t<div class=\"dsm-filterable-gallery-item\" data-mfp-src=\"https:\/\/www.conpalux.com\/wp-content\/uploads\/2025\/04\/Display-Interblocs-copie.webp\" data-inpage=\"1\" data-groups=\"all\"   >\n\t\t\t\t\t\t\t<div class=\"dsm-filterable-gallery-inner-item\">\n\t\t\t\t\t\t\t  <div class=\"dsm-filterable-gallery-image-wrapper\"><img decoding=\"async\" src=\"https:\/\/www.conpalux.com\/wp-content\/uploads\/2025\/04\/Display-Interblocs-copie.webp\" title=\"Display Interblocs copie\" alt=\"\" class=\"skip-lazy\" \/><\/div>\n\t\t\t\t\t\t\t  \n\t\t\t\t\t\t\t<\/div>\n\t\t\t\t\t\t<\/div> \n\t\t\t\t\t<div class=\"dsm-filterable-gallery-item\" data-mfp-src=\"https:\/\/www.conpalux.com\/wp-content\/uploads\/2025\/04\/Display-Le-nichoir-copie.webp\" data-inpage=\"1\" data-groups=\"all\"   >\n\t\t\t\t\t\t\t<div class=\"dsm-filterable-gallery-inner-item\">\n\t\t\t\t\t\t\t  <div class=\"dsm-filterable-gallery-image-wrapper\"><img decoding=\"async\" src=\"https:\/\/www.conpalux.com\/wp-content\/uploads\/2025\/04\/Display-Le-nichoir-copie.webp\" title=\"Display Le nichoir copie\" alt=\"\" class=\"skip-lazy\" \/><\/div>\n\t\t\t\t\t\t\t  \n\t\t\t\t\t\t\t<\/div>\n\t\t\t\t\t\t<\/div> \n\t\t\t\t\t<div class=\"dsm-filterable-gallery-item\" data-mfp-src=\"https:\/\/www.conpalux.com\/wp-content\/uploads\/2025\/04\/Display-Leboutte-copie.webp\" data-inpage=\"1\" data-groups=\"all\"   >\n\t\t\t\t\t\t\t<div class=\"dsm-filterable-gallery-inner-item\">\n\t\t\t\t\t\t\t  <div class=\"dsm-filterable-gallery-image-wrapper\"><img decoding=\"async\" src=\"https:\/\/www.conpalux.com\/wp-content\/uploads\/2025\/04\/Display-Leboutte-copie.webp\" title=\"Display Leboutte copie\" alt=\"\" class=\"skip-lazy\" \/><\/div>\n\t\t\t\t\t\t\t  \n\t\t\t\t\t\t\t<\/div>\n\t\t\t\t\t\t<\/div> \n\t\t\t\t\t<div class=\"dsm-filterable-gallery-item\" data-mfp-src=\"https:\/\/www.conpalux.com\/wp-content\/uploads\/2025\/04\/display-les-Namuroises-copie.webp\" data-inpage=\"1\" data-groups=\"all\"   >\n\t\t\t\t\t\t\t<div class=\"dsm-filterable-gallery-inner-item\">\n\t\t\t\t\t\t\t  <div class=\"dsm-filterable-gallery-image-wrapper\"><img decoding=\"async\" src=\"https:\/\/www.conpalux.com\/wp-content\/uploads\/2025\/04\/display-les-Namuroises-copie.webp\" title=\"display les Namuroises copie\" alt=\"\" class=\"skip-lazy\" \/><\/div>\n\t\t\t\t\t\t\t  \n\t\t\t\t\t\t\t<\/div>\n\t\t\t\t\t\t<\/div> \n\t\t\t\t\t<div class=\"dsm-filterable-gallery-item\" data-mfp-src=\"https:\/\/www.conpalux.com\/wp-content\/uploads\/2025\/04\/display-Thomas-Etienne-copie.webp\" data-inpage=\"1\" data-groups=\"all\"   >\n\t\t\t\t\t\t\t<div class=\"dsm-filterable-gallery-inner-item\">\n\t\t\t\t\t\t\t  <div class=\"dsm-filterable-gallery-image-wrapper\"><img decoding=\"async\" src=\"https:\/\/www.conpalux.com\/wp-content\/uploads\/2025\/04\/display-Thomas-Etienne-copie.webp\" title=\"display Thomas Etienne copie\" alt=\"nos fioles propos\u00e9es pour contenir les produits cosm\u00e9tiques de qualit\u00e9 pr\u00e9par\u00e9s avec expertise chez Conpalux \" class=\"skip-lazy\" \/><\/div>\n\t\t\t\t\t\t\t  \n\t\t\t\t\t\t\t<\/div>\n\t\t\t\t\t\t<\/div> \n\t\t\t\t\t<div class=\"dsm-filterable-gallery-item\" data-mfp-src=\"https:\/\/www.conpalux.com\/wp-content\/uploads\/2025\/04\/Display-Train-et-sac-a-dos-copie.webp\" data-inpage=\"1\" data-groups=\"all\"   >\n\t\t\t\t\t\t\t<div class=\"dsm-filterable-gallery-inner-item\">\n\t\t\t\t\t\t\t  <div class=\"dsm-filterable-gallery-image-wrapper\"><img decoding=\"async\" src=\"https:\/\/www.conpalux.com\/wp-content\/uploads\/2025\/04\/Display-Train-et-sac-a-dos-copie.webp\" title=\"Display Train et sac a dos copie\" alt=\"Pr\u00e9sentoir type propos\u00e9 pour embellir l&#039;agencement de vos produits en magasin.\" class=\"skip-lazy\" \/><\/div>\n\t\t\t\t\t\t\t  \n\t\t\t\t\t\t\t<\/div>\n\t\t\t\t\t\t<\/div> \n\t\t\t\t\t<div class=\"dsm-filterable-gallery-item\" data-mfp-src=\"https:\/\/www.conpalux.com\/wp-content\/uploads\/2025\/04\/Display-Valrhona-copie.webp\" data-inpage=\"1\" data-groups=\"all\"   >\n\t\t\t\t\t\t\t<div class=\"dsm-filterable-gallery-inner-item\">\n\t\t\t\t\t\t\t  <div class=\"dsm-filterable-gallery-image-wrapper\"><img decoding=\"async\" src=\"https:\/\/www.conpalux.com\/wp-content\/uploads\/2025\/04\/Display-Valrhona-copie.webp\" title=\"Display Valrhona copie\" alt=\"Un pr\u00e9sentoir destin\u00e9 \u00e0 la publicit\u00e9 en magasin et \u00e0 la disposition des produits cosm\u00e9tiques de qualit\u00e9 produits par Conpalux\" class=\"skip-lazy\" \/><\/div>\n\t\t\t\t\t\t\t  \n\t\t\t\t\t\t\t<\/div>\n\t\t\t\t\t\t<\/div> \n\t\t\t\t\t \n\t\t\t  <\/div>\n\t\t\t  \n\t\t\t<div class=\"dsm-gallery-loadmore-container\">\n\t\t\t\t<span>Load More<\/span>\n\t\t\t<\/div>\n\t\t\n\t\t\t  \n\t\t   <\/div>\n\t\t\n\t\t\t\t<\/div>\n\t\t\t<\/div><\/p>\n","protected":false},"author":1,"featured_media":0,"parent":0,"menu_order":110,"comment_status":"closed","ping_status":"closed","template":"","meta":{"_et_pb_use_builder":"on","_et_pb_old_content":"","_et_gb_content_width":"","footnotes":""},"class_list":["post-3113","page","type-page","status-publish","hentry"],"yoast_head":"<!-- This site is optimized with the Yoast SEO plugin v27.4 - https:\/\/yoast.com\/product\/yoast-seo-wordpress\/ -->\n<title>Work | Conpalux<\/title>\n<meta name=\"robots\" content=\"index, follow, max-snippet:-1, max-image-preview:large, max-video-preview:-1\" \/>\n<link rel=\"canonical\" href=\"https:\/\/www.conpalux.com\/en\/work\/\" \/>\n<meta property=\"og:locale\" content=\"en_US\" \/>\n<meta property=\"og:type\" content=\"article\" \/>\n<meta property=\"og:title\" content=\"Work | Conpalux\" \/>\n<meta property=\"og:description\" content=\"Our work\" \/>\n<meta property=\"og:url\" content=\"https:\/\/www.conpalux.com\/en\/work\/\" \/>\n<meta property=\"og:site_name\" content=\"Conpalux\" \/>\n<meta property=\"article:modified_time\" content=\"2025-04-25T07:43:19+00:00\" \/>\n<meta name=\"twitter:card\" content=\"summary_large_image\" \/>\n<meta name=\"twitter:label1\" content=\"Est. reading time\" \/>\n\t<meta name=\"twitter:data1\" content=\"2 minutes\" \/>\n<script type=\"application\/ld+json\" class=\"yoast-schema-graph\">{\"@context\":\"https:\\\/\\\/schema.org\",\"@graph\":[{\"@type\":\"WebPage\",\"@id\":\"https:\\\/\\\/www.conpalux.com\\\/en\\\/work\\\/\",\"url\":\"https:\\\/\\\/www.conpalux.com\\\/en\\\/work\\\/\",\"name\":\"Work | Conpalux\",\"isPartOf\":{\"@id\":\"https:\\\/\\\/www.conpalux.com\\\/en\\\/#website\"},\"datePublished\":\"2025-04-25T06:37:33+00:00\",\"dateModified\":\"2025-04-25T07:43:19+00:00\",\"breadcrumb\":{\"@id\":\"https:\\\/\\\/www.conpalux.com\\\/en\\\/work\\\/#breadcrumb\"},\"inLanguage\":\"en-US\",\"potentialAction\":[{\"@type\":\"ReadAction\",\"target\":[\"https:\\\/\\\/www.conpalux.com\\\/en\\\/work\\\/\"]}]},{\"@type\":\"BreadcrumbList\",\"@id\":\"https:\\\/\\\/www.conpalux.com\\\/en\\\/work\\\/#breadcrumb\",\"itemListElement\":[{\"@type\":\"ListItem\",\"position\":1,\"name\":\"Accueil\",\"item\":\"https:\\\/\\\/www.conpalux.com\\\/en\\\/\"},{\"@type\":\"ListItem\",\"position\":2,\"name\":\"Work\"}]},{\"@type\":\"WebSite\",\"@id\":\"https:\\\/\\\/www.conpalux.com\\\/en\\\/#website\",\"url\":\"https:\\\/\\\/www.conpalux.com\\\/en\\\/\",\"name\":\"Conpalux\",\"description\":\"\",\"potentialAction\":[{\"@type\":\"SearchAction\",\"target\":{\"@type\":\"EntryPoint\",\"urlTemplate\":\"https:\\\/\\\/www.conpalux.com\\\/en\\\/?s={search_term_string}\"},\"query-input\":{\"@type\":\"PropertyValueSpecification\",\"valueRequired\":true,\"valueName\":\"search_term_string\"}}],\"inLanguage\":\"en-US\"}]}<\/script>\n<!-- \/ Yoast SEO plugin. -->","yoast_head_json":{"title":"Work | Conpalux","robots":{"index":"index","follow":"follow","max-snippet":"max-snippet:-1","max-image-preview":"max-image-preview:large","max-video-preview":"max-video-preview:-1"},"canonical":"https:\/\/www.conpalux.com\/en\/work\/","og_locale":"en_US","og_type":"article","og_title":"Work | Conpalux","og_description":"Our work","og_url":"https:\/\/www.conpalux.com\/en\/work\/","og_site_name":"Conpalux","article_modified_time":"2025-04-25T07:43:19+00:00","twitter_card":"summary_large_image","twitter_misc":{"Est. reading time":"2 minutes"},"schema":{"@context":"https:\/\/schema.org","@graph":[{"@type":"WebPage","@id":"https:\/\/www.conpalux.com\/en\/work\/","url":"https:\/\/www.conpalux.com\/en\/work\/","name":"Work | Conpalux","isPartOf":{"@id":"https:\/\/www.conpalux.com\/en\/#website"},"datePublished":"2025-04-25T06:37:33+00:00","dateModified":"2025-04-25T07:43:19+00:00","breadcrumb":{"@id":"https:\/\/www.conpalux.com\/en\/work\/#breadcrumb"},"inLanguage":"en-US","potentialAction":[{"@type":"ReadAction","target":["https:\/\/www.conpalux.com\/en\/work\/"]}]},{"@type":"BreadcrumbList","@id":"https:\/\/www.conpalux.com\/en\/work\/#breadcrumb","itemListElement":[{"@type":"ListItem","position":1,"name":"Accueil","item":"https:\/\/www.conpalux.com\/en\/"},{"@type":"ListItem","position":2,"name":"Work"}]},{"@type":"WebSite","@id":"https:\/\/www.conpalux.com\/en\/#website","url":"https:\/\/www.conpalux.com\/en\/","name":"Conpalux","description":"","potentialAction":[{"@type":"SearchAction","target":{"@type":"EntryPoint","urlTemplate":"https:\/\/www.conpalux.com\/en\/?s={search_term_string}"},"query-input":{"@type":"PropertyValueSpecification","valueRequired":true,"valueName":"search_term_string"}}],"inLanguage":"en-US"}]}},"_links":{"self":[{"href":"https:\/\/www.conpalux.com\/en\/wp-json\/wp\/v2\/pages\/3113","targetHints":{"allow":["GET"]}}],"collection":[{"href":"https:\/\/www.conpalux.com\/en\/wp-json\/wp\/v2\/pages"}],"about":[{"href":"https:\/\/www.conpalux.com\/en\/wp-json\/wp\/v2\/types\/page"}],"author":[{"embeddable":true,"href":"https:\/\/www.conpalux.com\/en\/wp-json\/wp\/v2\/users\/1"}],"replies":[{"embeddable":true,"href":"https:\/\/www.conpalux.com\/en\/wp-json\/wp\/v2\/comments?post=3113"}],"version-history":[{"count":4,"href":"https:\/\/www.conpalux.com\/en\/wp-json\/wp\/v2\/pages\/3113\/revisions"}],"predecessor-version":[{"id":3136,"href":"https:\/\/www.conpalux.com\/en\/wp-json\/wp\/v2\/pages\/3113\/revisions\/3136"}],"wp:attachment":[{"href":"https:\/\/www.conpalux.com\/en\/wp-json\/wp\/v2\/media?parent=3113"}],"curies":[{"name":"wp","href":"https:\/\/api.w.org\/{rel}","templated":true}]}}